{"id":16,"date":"2024-10-27T06:38:33","date_gmt":"2024-10-27T09:38:33","guid":{"rendered":"https:\/\/ersj.adv.br\/?page_id=16"},"modified":"2024-11-14T13:54:29","modified_gmt":"2024-11-14T16:54:29","slug":"home","status":"publish","type":"page","link":"https:\/\/ersj.adv.br\/en\/","title":{"rendered":"(PT) Solu\u00e7\u00f5es jur\u00eddicas que impulsionam o futuro com \u00e9tica e experi\u00eancia"},"content":{"rendered":"","protected":false},"excerpt":{"rendered":"<p class=\"qtranxs-available-languages-message qtranxs-available-languages-message-en\">Sorry, this entry is only available in <a href=\"https:\/\/ersj.adv.br\/pb\/wp-json\/wp\/v2\/pages\/16\" class=\"qtranxs-available-language-link qtranxs-available-language-link-pb\" title=\"PT\">PT<\/a>.<\/p>\n","protected":false},"author":1,"featured_media":188,"parent":0,"menu_order":0,"comment_status":"closed","ping_status":"closed","template":"index.php","meta":{"_acf_changed":false,"footnotes":""},"class_list":["post-16","page","type-page","status-publish","has-post-thumbnail","hentry"],"acf":[],"yoast_head":"<!-- This site is optimized with the Yoast SEO plugin v27.4 - https:\/\/yoast.com\/product\/yoast-seo-wordpress\/ -->\n<title>(PT) Solu\u00e7\u00f5es jur\u00eddicas que impulsionam o futuro com \u00e9tica e experi\u00eancia - ERSJR<\/title>\n<meta name=\"robots\" content=\"index, follow, max-snippet:-1, max-image-preview:large, max-video-preview:-1\" \/>\n<link rel=\"canonical\" href=\"https:\/\/ersj.adv.br\/en\/\" \/>\n<meta property=\"og:locale\" content=\"en_US\" \/>\n<meta property=\"og:type\" content=\"article\" \/>\n<meta property=\"og:title\" content=\"(PT) Solu\u00e7\u00f5es jur\u00eddicas que impulsionam o futuro com \u00e9tica e experi\u00eancia - ERSJR\" \/>\n<meta property=\"og:description\" content=\"(PT) Nossos diferenciais para clientes\" \/>\n<meta property=\"og:url\" content=\"https:\/\/ersj.adv.br\/en\/\" \/>\n<meta property=\"og:site_name\" content=\"ERSJR\" \/>\n<meta property=\"article:modified_time\" content=\"2024-11-14T16:54:29+00:00\" \/>\n<meta property=\"og:image\" content=\"https:\/\/ersj.adv.br\/wp-content\/uploads\/2024\/10\/capa1.jpg\" \/>\n\t<meta property=\"og:image:width\" content=\"1920\" \/>\n\t<meta property=\"og:image:height\" content=\"1080\" \/>\n\t<meta property=\"og:image:type\" content=\"image\/jpeg\" \/>\n<meta name=\"twitter:card\" content=\"summary_large_image\" \/>\n<script type=\"application\/ld+json\" class=\"yoast-schema-graph\">{\"@context\":\"https:\\\/\\\/schema.org\",\"@graph\":[{\"@type\":\"WebPage\",\"@id\":\"https:\\\/\\\/ersj.adv.br\\\/en\\\/\",\"url\":\"https:\\\/\\\/ersj.adv.br\\\/en\\\/\",\"name\":\"(PT) Solu\u00e7\u00f5es jur\u00eddicas que impulsionam o futuro com \u00e9tica e experi\u00eancia - ERSJR\",\"isPartOf\":{\"@id\":\"https:\\\/\\\/ersj.adv.br\\\/en\\\/#website\"},\"primaryImageOfPage\":{\"@id\":\"https:\\\/\\\/ersj.adv.br\\\/en\\\/#primaryimage\"},\"image\":{\"@id\":\"https:\\\/\\\/ersj.adv.br\\\/#primaryimage\"},\"thumbnailUrl\":\"https:\\\/\\\/ersj.adv.br\\\/wp-content\\\/uploads\\\/2024\\\/10\\\/capa1.jpg\",\"datePublished\":\"2024-10-27T09:38:33+00:00\",\"dateModified\":\"2024-11-14T16:54:29+00:00\",\"breadcrumb\":{\"@id\":\"https:\\\/\\\/ersj.adv.br\\\/en\\\/#breadcrumb\"},\"inLanguage\":\"en-US\",\"potentialAction\":[{\"@type\":\"ReadAction\",\"target\":[[\"https:\\\/\\\/ersj.adv.br\\\/en\\\/\"]]}]},{\"@type\":\"ImageObject\",\"inLanguage\":\"en-US\",\"@id\":\"https:\\\/\\\/ersj.adv.br\\\/en\\\/#primaryimage\",\"url\":\"https:\\\/\\\/ersj.adv.br\\\/wp-content\\\/uploads\\\/2024\\\/10\\\/capa1.jpg\",\"contentUrl\":\"https:\\\/\\\/ersj.adv.br\\\/wp-content\\\/uploads\\\/2024\\\/10\\\/capa1.jpg\",\"width\":1920,\"height\":1080},{\"@type\":\"BreadcrumbList\",\"@id\":\"https:\\\/\\\/ersj.adv.br\\\/en\\\/#breadcrumb\",\"itemListElement\":[{\"@type\":\"ListItem\",\"position\":1,\"name\":\"In\u00edcio\",\"item\":\"https:\\\/\\\/ersj.adv.br\\\/en\\\/\"},{\"@type\":\"ListItem\",\"position\":2,\"name\":\"Solu\u00e7\u00f5es jur\u00eddicas que impulsionam o futuro com \u00e9tica e experi\u00eancia\"}]},{\"@type\":\"WebSite\",\"@id\":\"https:\\\/\\\/ersj.adv.br\\\/en\\\/#website\",\"url\":\"https:\\\/\\\/ersj.adv.br\\\/en\\\/\",\"name\":\"[:pb]ERSjr Advocacia[:en]ERSJR[:]\",\"description\":\"\",\"publisher\":{\"@id\":\"https:\\\/\\\/ersj.adv.br\\\/en\\\/#organization\"},\"potentialAction\":[{\"@type\":\"SearchAction\",\"target\":{\"@type\":\"EntryPoint\",\"urlTemplate\":\"https:\\\/\\\/ersj.adv.br\\\/en\\\/?s={search_term_string}\"},\"query-input\":{\"@type\":\"PropertyValueSpecification\",\"valueRequired\":true,\"valueName\":\"search_term_string\"}}],\"inLanguage\":\"en-US\"},{\"@type\":\"Organization\",\"@id\":\"https:\\\/\\\/ersj.adv.br\\\/en\\\/#organization\",\"name\":\"ERSJR\",\"url\":\"https:\\\/\\\/ersj.adv.br\\\/en\\\/\",\"logo\":{\"@type\":\"ImageObject\",\"inLanguage\":\"en-US\",\"@id\":\"https:\\\/\\\/ersj.adv.br\\\/en\\\/#\\\/schema\\\/logo\\\/image\\\/\",\"url\":\"https:\\\/\\\/ersj.adv.br\\\/wp-content\\\/uploads\\\/2024\\\/10\\\/icone-site.png\",\"contentUrl\":\"https:\\\/\\\/ersj.adv.br\\\/wp-content\\\/uploads\\\/2024\\\/10\\\/icone-site.png\",\"width\":512,\"height\":512,\"caption\":\"ERSJR\"},\"image\":{\"@id\":\"https:\\\/\\\/ersj.adv.br\\\/en\\\/#\\\/schema\\\/logo\\\/image\\\/\"},\"sameAs\":[\"https:\\\/\\\/www.linkedin.com\\\/company\\\/advocacia-edsonrodrigues\\\/\",\"https:\\\/\\\/www.instagram.com\\\/ersjr.advocacia\\\/\"]}]}<\/script>\n<!-- \/ Yoast SEO plugin. -->","yoast_head_json":{"title":"(PT) Solu\u00e7\u00f5es jur\u00eddicas que impulsionam o futuro com \u00e9tica e experi\u00eancia - ERSJR","robots":{"index":"index","follow":"follow","max-snippet":"max-snippet:-1","max-image-preview":"max-image-preview:large","max-video-preview":"max-video-preview:-1"},"canonical":"https:\/\/ersj.adv.br\/en\/","og_locale":"en_US","og_type":"article","og_title":"(PT) Solu\u00e7\u00f5es jur\u00eddicas que impulsionam o futuro com \u00e9tica e experi\u00eancia - ERSJR","og_description":"(PT) Nossos diferenciais para clientes","og_url":"https:\/\/ersj.adv.br\/en\/","og_site_name":"ERSJR","article_modified_time":"2024-11-14T16:54:29+00:00","og_image":[{"width":1920,"height":1080,"url":"https:\/\/ersj.adv.br\/wp-content\/uploads\/2024\/10\/capa1.jpg","type":"image\/jpeg"}],"twitter_card":"summary_large_image","schema":{"@context":"https:\/\/schema.org","@graph":[{"@type":"WebPage","@id":"https:\/\/ersj.adv.br\/en\/","url":"https:\/\/ersj.adv.br\/en\/","name":"(PT) Solu\u00e7\u00f5es jur\u00eddicas que impulsionam o futuro com \u00e9tica e experi\u00eancia - ERSJR","isPartOf":{"@id":"https:\/\/ersj.adv.br\/en\/#website"},"primaryImageOfPage":{"@id":"https:\/\/ersj.adv.br\/en\/#primaryimage"},"image":{"@id":"https:\/\/ersj.adv.br\/#primaryimage"},"thumbnailUrl":"https:\/\/ersj.adv.br\/wp-content\/uploads\/2024\/10\/capa1.jpg","datePublished":"2024-10-27T09:38:33+00:00","dateModified":"2024-11-14T16:54:29+00:00","breadcrumb":{"@id":"https:\/\/ersj.adv.br\/en\/#breadcrumb"},"inLanguage":"en-US","potentialAction":[{"@type":"ReadAction","target":[["https:\/\/ersj.adv.br\/en\/"]]}]},{"@type":"ImageObject","inLanguage":"en-US","@id":"https:\/\/ersj.adv.br\/en\/#primaryimage","url":"https:\/\/ersj.adv.br\/wp-content\/uploads\/2024\/10\/capa1.jpg","contentUrl":"https:\/\/ersj.adv.br\/wp-content\/uploads\/2024\/10\/capa1.jpg","width":1920,"height":1080},{"@type":"BreadcrumbList","@id":"https:\/\/ersj.adv.br\/en\/#breadcrumb","itemListElement":[{"@type":"ListItem","position":1,"name":"In\u00edcio","item":"https:\/\/ersj.adv.br\/en\/"},{"@type":"ListItem","position":2,"name":"Solu\u00e7\u00f5es jur\u00eddicas que impulsionam o futuro com \u00e9tica e experi\u00eancia"}]},{"@type":"WebSite","@id":"https:\/\/ersj.adv.br\/en\/#website","url":"https:\/\/ersj.adv.br\/en\/","name":"[:pb]ERSjr Advocacia[:en]ERSJR[:]","description":"","publisher":{"@id":"https:\/\/ersj.adv.br\/en\/#organization"},"potentialAction":[{"@type":"SearchAction","target":{"@type":"EntryPoint","urlTemplate":"https:\/\/ersj.adv.br\/en\/?s={search_term_string}"},"query-input":{"@type":"PropertyValueSpecification","valueRequired":true,"valueName":"search_term_string"}}],"inLanguage":"en-US"},{"@type":"Organization","@id":"https:\/\/ersj.adv.br\/en\/#organization","name":"ERSJR","url":"https:\/\/ersj.adv.br\/en\/","logo":{"@type":"ImageObject","inLanguage":"en-US","@id":"https:\/\/ersj.adv.br\/en\/#\/schema\/logo\/image\/","url":"https:\/\/ersj.adv.br\/wp-content\/uploads\/2024\/10\/icone-site.png","contentUrl":"https:\/\/ersj.adv.br\/wp-content\/uploads\/2024\/10\/icone-site.png","width":512,"height":512,"caption":"ERSJR"},"image":{"@id":"https:\/\/ersj.adv.br\/en\/#\/schema\/logo\/image\/"},"sameAs":["https:\/\/www.linkedin.com\/company\/advocacia-edsonrodrigues\/","https:\/\/www.instagram.com\/ersjr.advocacia\/"]}]}},"_links":{"self":[{"href":"https:\/\/ersj.adv.br\/en\/wp-json\/wp\/v2\/pages\/16","targetHints":{"allow":["GET"]}}],"collection":[{"href":"https:\/\/ersj.adv.br\/en\/wp-json\/wp\/v2\/pages"}],"about":[{"href":"https:\/\/ersj.adv.br\/en\/wp-json\/wp\/v2\/types\/page"}],"author":[{"embeddable":true,"href":"https:\/\/ersj.adv.br\/en\/wp-json\/wp\/v2\/users\/1"}],"replies":[{"embeddable":true,"href":"https:\/\/ersj.adv.br\/en\/wp-json\/wp\/v2\/comments?post=16"}],"version-history":[{"count":11,"href":"https:\/\/ersj.adv.br\/en\/wp-json\/wp\/v2\/pages\/16\/revisions"}],"predecessor-version":[{"id":264,"href":"https:\/\/ersj.adv.br\/en\/wp-json\/wp\/v2\/pages\/16\/revisions\/264"}],"wp:featuredmedia":[{"embeddable":true,"href":"https:\/\/ersj.adv.br\/en\/wp-json\/wp\/v2\/media\/188"}],"wp:attachment":[{"href":"https:\/\/ersj.adv.br\/en\/wp-json\/wp\/v2\/media?parent=16"}],"curies":[{"name":"wp","href":"https:\/\/api.w.org\/{rel}","templated":true}]}}